{"id":881,"date":"2019-10-30T12:41:01","date_gmt":"2019-10-30T11:41:01","guid":{"rendered":"https:\/\/www.nitidia.it\/chi-siamo\/"},"modified":"2021-11-30T18:44:06","modified_gmt":"2021-11-30T17:44:06","slug":"qui-sommes-nous","status":"publish","type":"page","link":"https:\/\/www.nitidia.it\/fr\/qui-sommes-nous\/","title":{"rendered":"Qui sommes-nous"},"content":{"rendered":"\t\t<div data-elementor-type=\"wp-page\" data-elementor-id=\"881\" class=\"elementor elementor-881\">\n\t\t\t\t\t\t<section class=\"elementor-section elementor-top-section elementor-element elementor-element-dc65968 qode_elementor_container_inner elementor-section-stretched elementor-section-boxed elementor-section-height-default elementor-section-height-default parallax_section_no\" data-id=\"dc65968\" data-element_type=\"section\" data-settings=\"{&quot;background_background&quot;:&quot;classic&quot;,&quot;stretch_section&quot;:&quot;section-stretched&quot;}\">\n\t\t\t\t\t\t\t<div class=\"elementor-background-overlay\"><\/div>\n\t\t\t\t\t\t\t<div class=\"elementor-container elementor-column-gap-no\">\n\t\t\t\t\t<div class=\"elementor-column elementor-col-100 elementor-top-column elementor-element elementor-element-b6173e8\" data-id=\"b6173e8\" data-element_type=\"column\">\n\t\t\t<div class=\"elementor-widget-wrap elementor-element-populated\">\n\t\t\t\t\t\t<div class=\"elementor-element elementor-element-a709025 elementor-widget elementor-widget-text-editor\" data-id=\"a709025\" data-element_type=\"widget\" data-widget_type=\"text-editor.default\">\n\t\t\t\t<div class=\"elementor-widget-container\">\n\t\t\t\t\t\t\t\t\t<h6><span style=\"color: #ffffff;\">NIT I DIA<\/span><\/h6>\t\t\t\t\t\t\t\t<\/div>\n\t\t\t\t<\/div>\n\t\t\t\t<div class=\"elementor-element elementor-element-b12c6da elementor-widget elementor-widget-text-editor\" data-id=\"b12c6da\" data-element_type=\"widget\" data-widget_type=\"text-editor.default\">\n\t\t\t\t<div class=\"elementor-widget-container\">\n\t\t\t\t\t\t\t\t\t<h2><span style=\"color: #ffffff;\">Qui sommes-nous<\/span><\/h2>\n<h3><span style=\"color: #ffffff;\">MAISON DES VACANCES, CHARME &amp; RELAX<\/span><\/h3>\t\t\t\t\t\t\t\t<\/div>\n\t\t\t\t<\/div>\n\t\t\t\t\t<\/div>\n\t\t<\/div>\n\t\t\t\t\t<\/div>\n\t\t<\/section>\n\t\t\t\t<section class=\"elementor-section elementor-top-section elementor-element elementor-element-53a00125 elementor-section-full_width qode_elementor_container_inner elementor-section-height-default elementor-section-height-default parallax_section_no\" data-id=\"53a00125\" data-element_type=\"section\">\n\t\t\t\t\t\t<div class=\"elementor-container elementor-column-gap-default\">\n\t\t\t\t\t<div class=\"elementor-column elementor-col-100 elementor-top-column elementor-element elementor-element-1e815d9f\" data-id=\"1e815d9f\" data-element_type=\"column\" data-settings=\"{&quot;background_background&quot;:&quot;slideshow&quot;,&quot;background_slideshow_gallery&quot;:[],&quot;background_slideshow_loop&quot;:&quot;yes&quot;,&quot;background_slideshow_slide_duration&quot;:5000,&quot;background_slideshow_slide_transition&quot;:&quot;fade&quot;,&quot;background_slideshow_transition_duration&quot;:500}\">\n\t\t\t<div class=\"elementor-widget-wrap elementor-element-populated\">\n\t\t\t\t\t\t\t<\/div>\n\t\t<\/div>\n\t\t\t\t\t<\/div>\n\t\t<\/section>\n\t\t\t\t<section class=\"elementor-section elementor-top-section elementor-element elementor-element-ac5905d elementor-section-full_width qode_elementor_container_inner elementor-section-height-default elementor-section-height-default parallax_section_no\" data-id=\"ac5905d\" data-element_type=\"section\">\n\t\t\t\t\t\t<div class=\"elementor-container elementor-column-gap-default\">\n\t\t\t\t\t<div class=\"elementor-column elementor-col-50 elementor-top-column elementor-element elementor-element-608ebb0\" data-id=\"608ebb0\" data-element_type=\"column\">\n\t\t\t<div class=\"elementor-widget-wrap elementor-element-populated\">\n\t\t\t\t\t\t<div class=\"elementor-element elementor-element-946f4e3 elementor-widget elementor-widget-text-editor\" data-id=\"946f4e3\" data-element_type=\"widget\" data-widget_type=\"text-editor.default\">\n\t\t\t\t<div class=\"elementor-widget-container\">\n\t\t\t\t\t\t\t\t\t<h6><span style=\"color: #9e005d;\">Nit i Dia, nouvelle construction. La finesse de ses pi\u00e8ces exprime le charme du design qui se marie avec la couleur du bois et l\u2019atmosph\u00e8re chaleureuse et confortable que celui-ci lib\u00e8re.<\/span><\/h6><p>\u00a0<\/p><p>Le secret de grande classe qui caract\u00e9rise Nit i Dia Holiday House Alghero \/ Sardaigne, offre l\u2019opportunit\u00e9 de jouir de la joie merveilleuse de la mondanit\u00e9 d\u2019Alghero, en profitant de la vie nocturne ou encore en d\u00e9gustant dans les restaurants typiques le poisson frais p\u00each\u00e9 dans notre somptueuse mer;<\/p><p>\u00a0<\/p><p>vous pourrez, aussi, vous reposer, lire un bon livre \u00e0 l\u2019ombre d\u2019un olivier, jouer au ballon avec vos enfants et faire des cabrioles dans les pr\u00e9s verdoyants qui entourent Nit i Dia Holiday House, ou tout simplement profiter du calme absolu, consid\u00e9r\u00e9 un luxe de nos jours, des campagnes et des espaces verts situ\u00e9s \u00e0 quelques minutes du centre ville, siroter, en t\u00eate \u00e0 t\u00eate, un verre de vin au coucher du soleil au son des gazouillis des oiseaux qui disent au revoir au soleil et souhaitent la bienvenue \u00e0 la lune qui illuminera vos douces nuits.<\/p><p>\u00a0<\/p><p>Cons\u00e9quence d\u2019une passion de famille, synonyme d\u2019union et d\u2019amour.<\/p>\t\t\t\t\t\t\t\t<\/div>\n\t\t\t\t<\/div>\n\t\t\t\t\t<\/div>\n\t\t<\/div>\n\t\t\t\t<div class=\"elementor-column elementor-col-50 elementor-top-column elementor-element elementor-element-bfc3575\" data-id=\"bfc3575\" data-element_type=\"column\">\n\t\t\t<div class=\"elementor-widget-wrap elementor-element-populated\">\n\t\t\t\t\t\t<div class=\"elementor-element elementor-element-9e72c5e elementor-widget elementor-widget-qi_addons_for_elementor_image_gallery_masonry\" data-id=\"9e72c5e\" data-element_type=\"widget\" data-widget_type=\"qi_addons_for_elementor_image_gallery_masonry.default\">\n\t\t\t\t<div class=\"elementor-widget-container\">\n\t\t\t\t\t<div class=\"qodef-shortcode qodef-m qodef-qi-image-gallery-masonry qodef-qi-fslightbox-popup qodef-popup-gallery qodef-image--hover-zoom qodef-qi-grid qodef-layout--qi-masonry qodef-items--fixed qodef-col-num--3 qodef-responsive--predefined\">\n\t<div class=\"qodef-grid-inner\">\n\t\t\t<div class=\"qodef-qi-grid-masonry-sizer\"><\/div>\n<div class=\"qodef-e qodef-image-wrapper qodef-grid-item qodef-item--\">\n\t<div class=\"qodef-e-inner\">\n\t\t\t\t\t<a class=\"qodef-popup-item\" itemprop=\"image\" href=\"https:\/\/www.nitidia.it\/wp-content\/uploads\/2021\/11\/01-Header.jpg\" data-type=\"image\" data-fslightbox=\"gallery-1\">\n\t\t\t\t\t<img fetchpriority=\"high\" decoding=\"async\" width=\"1450\" height=\"967\" src=\"https:\/\/www.nitidia.it\/wp-content\/uploads\/2021\/11\/01-Header.jpg\" class=\"attachment- size-\" alt=\"\" srcset=\"https:\/\/www.nitidia.it\/wp-content\/uploads\/2021\/11\/01-Header.jpg 1450w, https:\/\/www.nitidia.it\/wp-content\/uploads\/2021\/11\/01-Header-300x200.jpg 300w, https:\/\/www.nitidia.it\/wp-content\/uploads\/2021\/11\/01-Header-1024x683.jpg 1024w, https:\/\/www.nitidia.it\/wp-content\/uploads\/2021\/11\/01-Header-768x512.jpg 768w, https:\/\/www.nitidia.it\/wp-content\/uploads\/2021\/11\/01-Header-700x467.jpg 700w\" sizes=\"(max-width: 1450px) 100vw, 1450px\" \/>\t\t\t\t\t<\/a>\n\t\t\t<\/div>\n<\/div>\n<div class=\"qodef-e qodef-image-wrapper qodef-grid-item qodef-item--\">\n\t<div class=\"qodef-e-inner\">\n\t\t\t\t\t<a class=\"qodef-popup-item\" itemprop=\"image\" href=\"https:\/\/www.nitidia.it\/wp-content\/uploads\/2021\/11\/chi-siamo_0002.jpg\" data-type=\"image\" data-fslightbox=\"gallery-1\">\n\t\t\t\t\t<img decoding=\"async\" width=\"1450\" height=\"967\" src=\"https:\/\/www.nitidia.it\/wp-content\/uploads\/2021\/11\/chi-siamo_0002.jpg\" class=\"attachment- size-\" alt=\"\" srcset=\"https:\/\/www.nitidia.it\/wp-content\/uploads\/2021\/11\/chi-siamo_0002.jpg 1450w, https:\/\/www.nitidia.it\/wp-content\/uploads\/2021\/11\/chi-siamo_0002-300x200.jpg 300w, https:\/\/www.nitidia.it\/wp-content\/uploads\/2021\/11\/chi-siamo_0002-1024x683.jpg 1024w, https:\/\/www.nitidia.it\/wp-content\/uploads\/2021\/11\/chi-siamo_0002-768x512.jpg 768w, https:\/\/www.nitidia.it\/wp-content\/uploads\/2021\/11\/chi-siamo_0002-700x467.jpg 700w\" sizes=\"(max-width: 1450px) 100vw, 1450px\" \/>\t\t\t\t\t<\/a>\n\t\t\t<\/div>\n<\/div>\n<div class=\"qodef-e qodef-image-wrapper qodef-grid-item qodef-item--\">\n\t<div class=\"qodef-e-inner\">\n\t\t\t\t\t<a class=\"qodef-popup-item\" itemprop=\"image\" href=\"https:\/\/www.nitidia.it\/wp-content\/uploads\/2021\/11\/chi-siamo_00064.jpg\" data-type=\"image\" data-fslightbox=\"gallery-1\">\n\t\t\t\t\t<img decoding=\"async\" width=\"1450\" height=\"967\" src=\"https:\/\/www.nitidia.it\/wp-content\/uploads\/2021\/11\/chi-siamo_00064.jpg\" class=\"attachment- size-\" alt=\"\" srcset=\"https:\/\/www.nitidia.it\/wp-content\/uploads\/2021\/11\/chi-siamo_00064.jpg 1450w, https:\/\/www.nitidia.it\/wp-content\/uploads\/2021\/11\/chi-siamo_00064-300x200.jpg 300w, https:\/\/www.nitidia.it\/wp-content\/uploads\/2021\/11\/chi-siamo_00064-1024x683.jpg 1024w, https:\/\/www.nitidia.it\/wp-content\/uploads\/2021\/11\/chi-siamo_00064-768x512.jpg 768w, https:\/\/www.nitidia.it\/wp-content\/uploads\/2021\/11\/chi-siamo_00064-700x467.jpg 700w\" sizes=\"(max-width: 1450px) 100vw, 1450px\" \/>\t\t\t\t\t<\/a>\n\t\t\t<\/div>\n<\/div>\n<div class=\"qodef-e qodef-image-wrapper qodef-grid-item qodef-item--\">\n\t<div class=\"qodef-e-inner\">\n\t\t\t\t\t<a class=\"qodef-popup-item\" itemprop=\"image\" href=\"https:\/\/www.nitidia.it\/wp-content\/uploads\/2021\/11\/chi-siamo_0003.jpg\" data-type=\"image\" data-fslightbox=\"gallery-1\">\n\t\t\t\t\t<img loading=\"lazy\" decoding=\"async\" width=\"1450\" height=\"967\" src=\"https:\/\/www.nitidia.it\/wp-content\/uploads\/2021\/11\/chi-siamo_0003.jpg\" class=\"attachment- size-\" alt=\"\" srcset=\"https:\/\/www.nitidia.it\/wp-content\/uploads\/2021\/11\/chi-siamo_0003.jpg 1450w, https:\/\/www.nitidia.it\/wp-content\/uploads\/2021\/11\/chi-siamo_0003-300x200.jpg 300w, https:\/\/www.nitidia.it\/wp-content\/uploads\/2021\/11\/chi-siamo_0003-1024x683.jpg 1024w, https:\/\/www.nitidia.it\/wp-content\/uploads\/2021\/11\/chi-siamo_0003-768x512.jpg 768w, https:\/\/www.nitidia.it\/wp-content\/uploads\/2021\/11\/chi-siamo_0003-700x467.jpg 700w\" sizes=\"(max-width: 1450px) 100vw, 1450px\" \/>\t\t\t\t\t<\/a>\n\t\t\t<\/div>\n<\/div>\n<div class=\"qodef-e qodef-image-wrapper qodef-grid-item qodef-item--\">\n\t<div class=\"qodef-e-inner\">\n\t\t\t\t\t<a class=\"qodef-popup-item\" itemprop=\"image\" href=\"https:\/\/www.nitidia.it\/wp-content\/uploads\/2021\/11\/chi-siamo_0004.jpg\" data-type=\"image\" data-fslightbox=\"gallery-1\">\n\t\t\t\t\t<img loading=\"lazy\" decoding=\"async\" width=\"1450\" height=\"967\" src=\"https:\/\/www.nitidia.it\/wp-content\/uploads\/2021\/11\/chi-siamo_0004.jpg\" class=\"attachment- size-\" alt=\"\" srcset=\"https:\/\/www.nitidia.it\/wp-content\/uploads\/2021\/11\/chi-siamo_0004.jpg 1450w, https:\/\/www.nitidia.it\/wp-content\/uploads\/2021\/11\/chi-siamo_0004-300x200.jpg 300w, https:\/\/www.nitidia.it\/wp-content\/uploads\/2021\/11\/chi-siamo_0004-1024x683.jpg 1024w, https:\/\/www.nitidia.it\/wp-content\/uploads\/2021\/11\/chi-siamo_0004-768x512.jpg 768w, https:\/\/www.nitidia.it\/wp-content\/uploads\/2021\/11\/chi-siamo_0004-700x467.jpg 700w\" sizes=\"(max-width: 1450px) 100vw, 1450px\" \/>\t\t\t\t\t<\/a>\n\t\t\t<\/div>\n<\/div>\n<div class=\"qodef-e qodef-image-wrapper qodef-grid-item qodef-item--\">\n\t<div class=\"qodef-e-inner\">\n\t\t\t\t\t<a class=\"qodef-popup-item\" itemprop=\"image\" href=\"https:\/\/www.nitidia.it\/wp-content\/uploads\/2021\/11\/chi-siamo_0005.jpg\" data-type=\"image\" data-fslightbox=\"gallery-1\">\n\t\t\t\t\t<img loading=\"lazy\" decoding=\"async\" width=\"1450\" height=\"967\" src=\"https:\/\/www.nitidia.it\/wp-content\/uploads\/2021\/11\/chi-siamo_0005.jpg\" class=\"attachment- size-\" alt=\"\" srcset=\"https:\/\/www.nitidia.it\/wp-content\/uploads\/2021\/11\/chi-siamo_0005.jpg 1450w, https:\/\/www.nitidia.it\/wp-content\/uploads\/2021\/11\/chi-siamo_0005-300x200.jpg 300w, https:\/\/www.nitidia.it\/wp-content\/uploads\/2021\/11\/chi-siamo_0005-1024x683.jpg 1024w, https:\/\/www.nitidia.it\/wp-content\/uploads\/2021\/11\/chi-siamo_0005-768x512.jpg 768w, https:\/\/www.nitidia.it\/wp-content\/uploads\/2021\/11\/chi-siamo_0005-700x467.jpg 700w\" sizes=\"(max-width: 1450px) 100vw, 1450px\" \/>\t\t\t\t\t<\/a>\n\t\t\t<\/div>\n<\/div>\n<div class=\"qodef-e qodef-image-wrapper qodef-grid-item qodef-item--\">\n\t<div class=\"qodef-e-inner\">\n\t\t\t\t\t<a class=\"qodef-popup-item\" itemprop=\"image\" href=\"https:\/\/www.nitidia.it\/wp-content\/uploads\/2021\/11\/chi-siamo_0007.jpg\" data-type=\"image\" data-fslightbox=\"gallery-1\">\n\t\t\t\t\t<img loading=\"lazy\" decoding=\"async\" width=\"1450\" height=\"967\" src=\"https:\/\/www.nitidia.it\/wp-content\/uploads\/2021\/11\/chi-siamo_0007.jpg\" class=\"attachment- size-\" alt=\"\" srcset=\"https:\/\/www.nitidia.it\/wp-content\/uploads\/2021\/11\/chi-siamo_0007.jpg 1450w, https:\/\/www.nitidia.it\/wp-content\/uploads\/2021\/11\/chi-siamo_0007-300x200.jpg 300w, https:\/\/www.nitidia.it\/wp-content\/uploads\/2021\/11\/chi-siamo_0007-1024x683.jpg 1024w, https:\/\/www.nitidia.it\/wp-content\/uploads\/2021\/11\/chi-siamo_0007-768x512.jpg 768w, https:\/\/www.nitidia.it\/wp-content\/uploads\/2021\/11\/chi-siamo_0007-700x467.jpg 700w\" sizes=\"(max-width: 1450px) 100vw, 1450px\" \/>\t\t\t\t\t<\/a>\n\t\t\t<\/div>\n<\/div>\n<div class=\"qodef-e qodef-image-wrapper qodef-grid-item qodef-item--\">\n\t<div class=\"qodef-e-inner\">\n\t\t\t\t\t<a class=\"qodef-popup-item\" itemprop=\"image\" href=\"https:\/\/www.nitidia.it\/wp-content\/uploads\/2021\/11\/chi-siamo_0008.jpg\" data-type=\"image\" data-fslightbox=\"gallery-1\">\n\t\t\t\t\t<img loading=\"lazy\" decoding=\"async\" width=\"1450\" height=\"967\" src=\"https:\/\/www.nitidia.it\/wp-content\/uploads\/2021\/11\/chi-siamo_0008.jpg\" class=\"attachment- size-\" alt=\"\" srcset=\"https:\/\/www.nitidia.it\/wp-content\/uploads\/2021\/11\/chi-siamo_0008.jpg 1450w, https:\/\/www.nitidia.it\/wp-content\/uploads\/2021\/11\/chi-siamo_0008-300x200.jpg 300w, https:\/\/www.nitidia.it\/wp-content\/uploads\/2021\/11\/chi-siamo_0008-1024x683.jpg 1024w, https:\/\/www.nitidia.it\/wp-content\/uploads\/2021\/11\/chi-siamo_0008-768x512.jpg 768w, https:\/\/www.nitidia.it\/wp-content\/uploads\/2021\/11\/chi-siamo_0008-700x467.jpg 700w\" sizes=\"(max-width: 1450px) 100vw, 1450px\" \/>\t\t\t\t\t<\/a>\n\t\t\t<\/div>\n<\/div>\n<div class=\"qodef-e qodef-image-wrapper qodef-grid-item qodef-item--\">\n\t<div class=\"qodef-e-inner\">\n\t\t\t\t\t<a class=\"qodef-popup-item\" itemprop=\"image\" href=\"https:\/\/www.nitidia.it\/wp-content\/uploads\/2021\/11\/chi-siamo_0009.jpg\" data-type=\"image\" data-fslightbox=\"gallery-1\">\n\t\t\t\t\t<img loading=\"lazy\" decoding=\"async\" width=\"1450\" height=\"967\" src=\"https:\/\/www.nitidia.it\/wp-content\/uploads\/2021\/11\/chi-siamo_0009.jpg\" class=\"attachment- size-\" alt=\"\" srcset=\"https:\/\/www.nitidia.it\/wp-content\/uploads\/2021\/11\/chi-siamo_0009.jpg 1450w, https:\/\/www.nitidia.it\/wp-content\/uploads\/2021\/11\/chi-siamo_0009-300x200.jpg 300w, https:\/\/www.nitidia.it\/wp-content\/uploads\/2021\/11\/chi-siamo_0009-1024x683.jpg 1024w, https:\/\/www.nitidia.it\/wp-content\/uploads\/2021\/11\/chi-siamo_0009-768x512.jpg 768w, https:\/\/www.nitidia.it\/wp-content\/uploads\/2021\/11\/chi-siamo_0009-700x467.jpg 700w\" sizes=\"(max-width: 1450px) 100vw, 1450px\" \/>\t\t\t\t\t<\/a>\n\t\t\t<\/div>\n<\/div>\n\t<\/div>\n<\/div>\n\t\t\t\t<\/div>\n\t\t\t\t<\/div>\n\t\t\t\t\t<\/div>\n\t\t<\/div>\n\t\t\t\t\t<\/div>\n\t\t<\/section>\n\t\t\t\t<\/div>\n\t\t","protected":false},"excerpt":{"rendered":"<p>NIT I DIA Qui sommes-nous MAISON DES VACANCES, CHARME &amp; RELAX Nit i Dia, nouvelle construction. La finesse de ses pi\u00e8ces exprime le charme du design qui se marie avec la couleur du bois et l\u2019atmosph\u00e8re chaleureuse et confortable que celui-ci lib\u00e8re. \u00a0 Le secret&#8230;<\/p>\n","protected":false},"author":1,"featured_media":0,"parent":0,"menu_order":0,"comment_status":"closed","ping_status":"closed","template":"full_width.php","meta":{"footnotes":""},"class_list":["post-881","page","type-page","status-publish","hentry"],"yoast_head":"<!-- This site is optimized with the Yoast SEO plugin v26.4 - https:\/\/yoast.com\/wordpress\/plugins\/seo\/ -->\n<title>Qui sommes-nous - NIT I DIA<\/title>\n<meta name=\"robots\" content=\"index, follow, max-snippet:-1, max-image-preview:large, max-video-preview:-1\" \/>\n<link rel=\"canonical\" href=\"https:\/\/www.nitidia.it\/fr\/qui-sommes-nous\/\" \/>\n<meta property=\"og:locale\" content=\"fr_FR\" \/>\n<meta property=\"og:type\" content=\"article\" \/>\n<meta property=\"og:title\" content=\"Qui sommes-nous - NIT I DIA\" \/>\n<meta property=\"og:description\" content=\"NIT I DIA Qui sommes-nous MAISON DES VACANCES, CHARME &amp; RELAX Nit i Dia, nouvelle construction. La finesse de ses pi\u00e8ces exprime le charme du design qui se marie avec la couleur du bois et l\u2019atmosph\u00e8re chaleureuse et confortable que celui-ci lib\u00e8re. \u00a0 Le secret...\" \/>\n<meta property=\"og:url\" content=\"https:\/\/www.nitidia.it\/fr\/qui-sommes-nous\/\" \/>\n<meta property=\"og:site_name\" content=\"NIT I DIA\" \/>\n<meta property=\"article:modified_time\" content=\"2021-11-30T17:44:06+00:00\" \/>\n<meta property=\"og:image\" content=\"https:\/\/www.nitidia.it\/wp-content\/uploads\/2021\/11\/01-Header.jpg\" \/>\n<meta name=\"twitter:card\" content=\"summary_large_image\" \/>\n<meta name=\"twitter:label1\" content=\"Dur\u00e9e de lecture estim\u00e9e\" \/>\n\t<meta name=\"twitter:data1\" content=\"3 minutes\" \/>\n<script type=\"application\/ld+json\" class=\"yoast-schema-graph\">{\"@context\":\"https:\/\/schema.org\",\"@graph\":[{\"@type\":\"WebPage\",\"@id\":\"https:\/\/www.nitidia.it\/fr\/qui-sommes-nous\/\",\"url\":\"https:\/\/www.nitidia.it\/fr\/qui-sommes-nous\/\",\"name\":\"Qui sommes-nous - NIT I DIA\",\"isPartOf\":{\"@id\":\"https:\/\/www.nitidia.it\/#website\"},\"primaryImageOfPage\":{\"@id\":\"https:\/\/www.nitidia.it\/fr\/qui-sommes-nous\/#primaryimage\"},\"image\":{\"@id\":\"https:\/\/www.nitidia.it\/fr\/qui-sommes-nous\/#primaryimage\"},\"thumbnailUrl\":\"https:\/\/www.nitidia.it\/wp-content\/uploads\/2021\/11\/01-Header.jpg\",\"datePublished\":\"2019-10-30T11:41:01+00:00\",\"dateModified\":\"2021-11-30T17:44:06+00:00\",\"breadcrumb\":{\"@id\":\"https:\/\/www.nitidia.it\/fr\/qui-sommes-nous\/#breadcrumb\"},\"inLanguage\":\"fr-FR\",\"potentialAction\":[{\"@type\":\"ReadAction\",\"target\":[\"https:\/\/www.nitidia.it\/fr\/qui-sommes-nous\/\"]}]},{\"@type\":\"ImageObject\",\"inLanguage\":\"fr-FR\",\"@id\":\"https:\/\/www.nitidia.it\/fr\/qui-sommes-nous\/#primaryimage\",\"url\":\"https:\/\/www.nitidia.it\/wp-content\/uploads\/2021\/11\/01-Header.jpg\",\"contentUrl\":\"https:\/\/www.nitidia.it\/wp-content\/uploads\/2021\/11\/01-Header.jpg\"},{\"@type\":\"BreadcrumbList\",\"@id\":\"https:\/\/www.nitidia.it\/fr\/qui-sommes-nous\/#breadcrumb\",\"itemListElement\":[{\"@type\":\"ListItem\",\"position\":1,\"name\":\"Home\",\"item\":\"https:\/\/www.nitidia.it\/fr\/\"},{\"@type\":\"ListItem\",\"position\":2,\"name\":\"Qui sommes-nous\"}]},{\"@type\":\"WebSite\",\"@id\":\"https:\/\/www.nitidia.it\/#website\",\"url\":\"https:\/\/www.nitidia.it\/\",\"name\":\"NIT I DIA\",\"description\":\" Holiday House | Alghero, Sardegna\",\"potentialAction\":[{\"@type\":\"SearchAction\",\"target\":{\"@type\":\"EntryPoint\",\"urlTemplate\":\"https:\/\/www.nitidia.it\/?s={search_term_string}\"},\"query-input\":{\"@type\":\"PropertyValueSpecification\",\"valueRequired\":true,\"valueName\":\"search_term_string\"}}],\"inLanguage\":\"fr-FR\"}]}<\/script>\n<!-- \/ Yoast SEO plugin. -->","yoast_head_json":{"title":"Qui sommes-nous - NIT I DIA","robots":{"index":"index","follow":"follow","max-snippet":"max-snippet:-1","max-image-preview":"max-image-preview:large","max-video-preview":"max-video-preview:-1"},"canonical":"https:\/\/www.nitidia.it\/fr\/qui-sommes-nous\/","og_locale":"fr_FR","og_type":"article","og_title":"Qui sommes-nous - NIT I DIA","og_description":"NIT I DIA Qui sommes-nous MAISON DES VACANCES, CHARME &amp; RELAX Nit i Dia, nouvelle construction. La finesse de ses pi\u00e8ces exprime le charme du design qui se marie avec la couleur du bois et l\u2019atmosph\u00e8re chaleureuse et confortable que celui-ci lib\u00e8re. \u00a0 Le secret...","og_url":"https:\/\/www.nitidia.it\/fr\/qui-sommes-nous\/","og_site_name":"NIT I DIA","article_modified_time":"2021-11-30T17:44:06+00:00","og_image":[{"url":"https:\/\/www.nitidia.it\/wp-content\/uploads\/2021\/11\/01-Header.jpg","type":"","width":"","height":""}],"twitter_card":"summary_large_image","twitter_misc":{"Dur\u00e9e de lecture estim\u00e9e":"3 minutes"},"schema":{"@context":"https:\/\/schema.org","@graph":[{"@type":"WebPage","@id":"https:\/\/www.nitidia.it\/fr\/qui-sommes-nous\/","url":"https:\/\/www.nitidia.it\/fr\/qui-sommes-nous\/","name":"Qui sommes-nous - NIT I DIA","isPartOf":{"@id":"https:\/\/www.nitidia.it\/#website"},"primaryImageOfPage":{"@id":"https:\/\/www.nitidia.it\/fr\/qui-sommes-nous\/#primaryimage"},"image":{"@id":"https:\/\/www.nitidia.it\/fr\/qui-sommes-nous\/#primaryimage"},"thumbnailUrl":"https:\/\/www.nitidia.it\/wp-content\/uploads\/2021\/11\/01-Header.jpg","datePublished":"2019-10-30T11:41:01+00:00","dateModified":"2021-11-30T17:44:06+00:00","breadcrumb":{"@id":"https:\/\/www.nitidia.it\/fr\/qui-sommes-nous\/#breadcrumb"},"inLanguage":"fr-FR","potentialAction":[{"@type":"ReadAction","target":["https:\/\/www.nitidia.it\/fr\/qui-sommes-nous\/"]}]},{"@type":"ImageObject","inLanguage":"fr-FR","@id":"https:\/\/www.nitidia.it\/fr\/qui-sommes-nous\/#primaryimage","url":"https:\/\/www.nitidia.it\/wp-content\/uploads\/2021\/11\/01-Header.jpg","contentUrl":"https:\/\/www.nitidia.it\/wp-content\/uploads\/2021\/11\/01-Header.jpg"},{"@type":"BreadcrumbList","@id":"https:\/\/www.nitidia.it\/fr\/qui-sommes-nous\/#breadcrumb","itemListElement":[{"@type":"ListItem","position":1,"name":"Home","item":"https:\/\/www.nitidia.it\/fr\/"},{"@type":"ListItem","position":2,"name":"Qui sommes-nous"}]},{"@type":"WebSite","@id":"https:\/\/www.nitidia.it\/#website","url":"https:\/\/www.nitidia.it\/","name":"NIT I DIA","description":" Holiday House | Alghero, Sardegna","potentialAction":[{"@type":"SearchAction","target":{"@type":"EntryPoint","urlTemplate":"https:\/\/www.nitidia.it\/?s={search_term_string}"},"query-input":{"@type":"PropertyValueSpecification","valueRequired":true,"valueName":"search_term_string"}}],"inLanguage":"fr-FR"}]}},"_links":{"self":[{"href":"https:\/\/www.nitidia.it\/fr\/wp-json\/wp\/v2\/pages\/881","targetHints":{"allow":["GET"]}}],"collection":[{"href":"https:\/\/www.nitidia.it\/fr\/wp-json\/wp\/v2\/pages"}],"about":[{"href":"https:\/\/www.nitidia.it\/fr\/wp-json\/wp\/v2\/types\/page"}],"author":[{"embeddable":true,"href":"https:\/\/www.nitidia.it\/fr\/wp-json\/wp\/v2\/users\/1"}],"replies":[{"embeddable":true,"href":"https:\/\/www.nitidia.it\/fr\/wp-json\/wp\/v2\/comments?post=881"}],"version-history":[{"count":4,"href":"https:\/\/www.nitidia.it\/fr\/wp-json\/wp\/v2\/pages\/881\/revisions"}],"predecessor-version":[{"id":956,"href":"https:\/\/www.nitidia.it\/fr\/wp-json\/wp\/v2\/pages\/881\/revisions\/956"}],"wp:attachment":[{"href":"https:\/\/www.nitidia.it\/fr\/wp-json\/wp\/v2\/media?parent=881"}],"curies":[{"name":"wp","href":"https:\/\/api.w.org\/{rel}","templated":true}]}}