{"id":867,"date":"2021-11-29T18:32:49","date_gmt":"2021-11-29T17:32:49","guid":{"rendered":"https:\/\/www.nitidia.it\/alghero\/"},"modified":"2021-11-30T17:29:34","modified_gmt":"2021-11-30T16:29:34","slug":"alghero","status":"publish","type":"page","link":"https:\/\/www.nitidia.it\/de\/alghero\/","title":{"rendered":"Alghero"},"content":{"rendered":"\t\t<div data-elementor-type=\"wp-page\" data-elementor-id=\"867\" class=\"elementor elementor-867\">\n\t\t\t\t\t\t<section class=\"elementor-section elementor-top-section elementor-element elementor-element-dc65968 qode_elementor_container_inner elementor-section-stretched elementor-section-boxed elementor-section-height-default elementor-section-height-default parallax_section_no\" data-id=\"dc65968\" data-element_type=\"section\" data-settings=\"{&quot;background_background&quot;:&quot;classic&quot;,&quot;stretch_section&quot;:&quot;section-stretched&quot;}\">\n\t\t\t\t\t\t\t<div class=\"elementor-background-overlay\"><\/div>\n\t\t\t\t\t\t\t<div class=\"elementor-container elementor-column-gap-no\">\n\t\t\t\t\t<div class=\"elementor-column elementor-col-100 elementor-top-column elementor-element elementor-element-b6173e8\" data-id=\"b6173e8\" data-element_type=\"column\">\n\t\t\t<div class=\"elementor-widget-wrap elementor-element-populated\">\n\t\t\t\t\t\t<div class=\"elementor-element elementor-element-a709025 elementor-widget elementor-widget-text-editor\" data-id=\"a709025\" data-element_type=\"widget\" data-widget_type=\"text-editor.default\">\n\t\t\t\t<div class=\"elementor-widget-container\">\n\t\t\t\t\t\t\t\t\t<h6><span style=\"color: #ffffff;\">NIT I DIA<\/span><\/h6>\t\t\t\t\t\t\t\t<\/div>\n\t\t\t\t<\/div>\n\t\t\t\t<div class=\"elementor-element elementor-element-b12c6da elementor-widget elementor-widget-text-editor\" data-id=\"b12c6da\" data-element_type=\"widget\" data-widget_type=\"text-editor.default\">\n\t\t\t\t<div class=\"elementor-widget-container\">\n\t\t\t\t\t\t\t\t\t<h2><span style=\"color: #ffffff;\">alghero<\/span><\/h2>\n<h3><span style=\"color: #ffffff;\">RIVIERA DEL CORALLO<\/span><\/h3>\t\t\t\t\t\t\t\t<\/div>\n\t\t\t\t<\/div>\n\t\t\t\t\t<\/div>\n\t\t<\/div>\n\t\t\t\t\t<\/div>\n\t\t<\/section>\n\t\t\t\t<section class=\"elementor-section elementor-top-section elementor-element elementor-element-53a00125 elementor-section-full_width qode_elementor_container_inner elementor-section-height-default elementor-section-height-default parallax_section_no\" data-id=\"53a00125\" data-element_type=\"section\">\n\t\t\t\t\t\t<div class=\"elementor-container elementor-column-gap-default\">\n\t\t\t\t\t<div class=\"elementor-column elementor-col-100 elementor-top-column elementor-element elementor-element-1e815d9f\" data-id=\"1e815d9f\" data-element_type=\"column\" data-settings=\"{&quot;background_background&quot;:&quot;slideshow&quot;,&quot;background_slideshow_gallery&quot;:[],&quot;background_slideshow_loop&quot;:&quot;yes&quot;,&quot;background_slideshow_slide_duration&quot;:5000,&quot;background_slideshow_slide_transition&quot;:&quot;fade&quot;,&quot;background_slideshow_transition_duration&quot;:500}\">\n\t\t\t<div class=\"elementor-widget-wrap elementor-element-populated\">\n\t\t\t\t\t\t\t<\/div>\n\t\t<\/div>\n\t\t\t\t\t<\/div>\n\t\t<\/section>\n\t\t\t\t<section class=\"elementor-section elementor-top-section elementor-element elementor-element-ac5905d elementor-section-full_width qode_elementor_container_inner elementor-section-height-default elementor-section-height-default parallax_section_no\" data-id=\"ac5905d\" data-element_type=\"section\">\n\t\t\t\t\t\t<div class=\"elementor-container elementor-column-gap-default\">\n\t\t\t\t\t<div class=\"elementor-column elementor-col-50 elementor-top-column elementor-element elementor-element-608ebb0\" data-id=\"608ebb0\" data-element_type=\"column\">\n\t\t\t<div class=\"elementor-widget-wrap elementor-element-populated\">\n\t\t\t\t\t\t<div class=\"elementor-element elementor-element-946f4e3 elementor-widget elementor-widget-text-editor\" data-id=\"946f4e3\" data-element_type=\"widget\" data-widget_type=\"text-editor.default\">\n\t\t\t\t<div class=\"elementor-widget-container\">\n\t\t\t\t\t\t\t\t\t<h6><span style=\"color: #9e005d;\">Alghero ist eine Perle des Mittelmeeres, das goldene Tor des antiken Sardinien oder aber auch das kleine Barcelona wie es von unseren spanischen Br\u00fcdern gerne genannt wird.<\/span><\/h6><p>\u00a0<\/p><p>Das Meer und die traumhaften Str\u00e4nde bilden den Rahmen f\u00fcr eine m\u00e4rchenhafte Landschaft: Unendlich wirkende goldfarbene Sandstr\u00e4nde mischen sich mit den Wacholderstr\u00e4uchern der charakteristischen Mittelmeervegetation und wei\u00dfen Sandd\u00fcnen.<\/p><p>\u00a0<\/p><p>Aber es gibt nicht nur Str\u00e4nde, sondern auch wundervolle Buchten, in denen Sie das smaragdgr\u00fcne Meer dieses unber\u00fchrten Fleckchens Natur in totaler Abgeschiedenheit und Ruhe genie\u00dfen k\u00f6nnen.<\/p><p>\u00a0<\/p><p>Eine jahrhundertealte Landschaft umgibt dieses M\u00e4rchenland, in dem sich Geschichte, Arch\u00e4ologie und alte Traditionen treffen. Alghero zieht Touristen aller Welt nicht nur wegen seines kristallfarbenen Meeres, sondern auch wegen seiner kulturellen Vielfalt an.<\/p><p>\u00a0<\/p><p>Die Altstadt hat eine jahrhundertelange Tradition und lebt von ihren charakteristischen Orten, die sie zu einem einzigartigen Juwel machen: Steinh\u00e4user, Holzvert\u00e4felungen, Kopfsteinpflaster, der Duft von frisch zubereiteten Suppen und Fleischgerichten, Musiker an den Stra\u00dfenecken, enge und verwinkelte aber k\u00fchle G\u00e4sschen mit ihren charakteristischen W\u00e4scheleinen an den Fenstern, den Blument\u00f6pfen vor den T\u00fcren und daneben sitzen die Einheimischen, genie\u00dfen die frische Luft bei Sonnenuntergang und schwelgen in Erinnerungen an vergangene Zeiten.<\/p><p>\u00a0<\/p><p>Hier verl\u00e4uft man sich gerne!<\/p>\t\t\t\t\t\t\t\t<\/div>\n\t\t\t\t<\/div>\n\t\t\t\t\t<\/div>\n\t\t<\/div>\n\t\t\t\t<div class=\"elementor-column elementor-col-50 elementor-top-column elementor-element elementor-element-bfc3575\" data-id=\"bfc3575\" data-element_type=\"column\">\n\t\t\t<div class=\"elementor-widget-wrap elementor-element-populated\">\n\t\t\t\t\t\t<div class=\"elementor-element elementor-element-9e72c5e elementor-widget elementor-widget-qi_addons_for_elementor_image_gallery_masonry\" data-id=\"9e72c5e\" data-element_type=\"widget\" data-widget_type=\"qi_addons_for_elementor_image_gallery_masonry.default\">\n\t\t\t\t<div class=\"elementor-widget-container\">\n\t\t\t\t\t<div class=\"qodef-shortcode qodef-m qodef-qi-image-gallery-masonry qodef-qi-fslightbox-popup qodef-popup-gallery qodef-image--hover-zoom qodef-qi-grid qodef-layout--qi-masonry qodef-items--fixed qodef-col-num--3 qodef-responsive--predefined\">\n\t<div class=\"qodef-grid-inner\">\n\t\t\t<div class=\"qodef-qi-grid-masonry-sizer\"><\/div>\n<div class=\"qodef-e qodef-image-wrapper qodef-grid-item qodef-item--\">\n\t<div class=\"qodef-e-inner\">\n\t\t\t\t\t<a class=\"qodef-popup-item\" itemprop=\"image\" href=\"https:\/\/www.nitidia.it\/wp-content\/uploads\/2021\/11\/00-Interne-Alghero_0008_walking-sunset-historic-ramparts-one-main-sightseeing-alghero-famous-center-holiday-resort-nor.jpg\" data-type=\"image\" data-fslightbox=\"gallery-1\">\n\t\t\t\t\t<img fetchpriority=\"high\" decoding=\"async\" width=\"1450\" height=\"967\" src=\"https:\/\/www.nitidia.it\/wp-content\/uploads\/2021\/11\/00-Interne-Alghero_0008_walking-sunset-historic-ramparts-one-main-sightseeing-alghero-famous-center-holiday-resort-nor.jpg\" class=\"attachment- size-\" alt=\"\" srcset=\"https:\/\/www.nitidia.it\/wp-content\/uploads\/2021\/11\/00-Interne-Alghero_0008_walking-sunset-historic-ramparts-one-main-sightseeing-alghero-famous-center-holiday-resort-nor.jpg 1450w, https:\/\/www.nitidia.it\/wp-content\/uploads\/2021\/11\/00-Interne-Alghero_0008_walking-sunset-historic-ramparts-one-main-sightseeing-alghero-famous-center-holiday-resort-nor-300x200.jpg 300w, https:\/\/www.nitidia.it\/wp-content\/uploads\/2021\/11\/00-Interne-Alghero_0008_walking-sunset-historic-ramparts-one-main-sightseeing-alghero-famous-center-holiday-resort-nor-1024x683.jpg 1024w, https:\/\/www.nitidia.it\/wp-content\/uploads\/2021\/11\/00-Interne-Alghero_0008_walking-sunset-historic-ramparts-one-main-sightseeing-alghero-famous-center-holiday-resort-nor-768x512.jpg 768w, https:\/\/www.nitidia.it\/wp-content\/uploads\/2021\/11\/00-Interne-Alghero_0008_walking-sunset-historic-ramparts-one-main-sightseeing-alghero-famous-center-holiday-resort-nor-700x467.jpg 700w\" sizes=\"(max-width: 1450px) 100vw, 1450px\" \/>\t\t\t\t\t<\/a>\n\t\t\t<\/div>\n<\/div>\n<div class=\"qodef-e qodef-image-wrapper qodef-grid-item qodef-item--\">\n\t<div class=\"qodef-e-inner\">\n\t\t\t\t\t<a class=\"qodef-popup-item\" itemprop=\"image\" href=\"https:\/\/www.nitidia.it\/wp-content\/uploads\/2021\/11\/00-Interne-Alghero_0003_colorful-dome-alghero.jpg\" data-type=\"image\" data-fslightbox=\"gallery-1\">\n\t\t\t\t\t<img decoding=\"async\" width=\"1450\" height=\"967\" src=\"https:\/\/www.nitidia.it\/wp-content\/uploads\/2021\/11\/00-Interne-Alghero_0003_colorful-dome-alghero.jpg\" class=\"attachment- size-\" alt=\"\" srcset=\"https:\/\/www.nitidia.it\/wp-content\/uploads\/2021\/11\/00-Interne-Alghero_0003_colorful-dome-alghero.jpg 1450w, https:\/\/www.nitidia.it\/wp-content\/uploads\/2021\/11\/00-Interne-Alghero_0003_colorful-dome-alghero-300x200.jpg 300w, https:\/\/www.nitidia.it\/wp-content\/uploads\/2021\/11\/00-Interne-Alghero_0003_colorful-dome-alghero-1024x683.jpg 1024w, https:\/\/www.nitidia.it\/wp-content\/uploads\/2021\/11\/00-Interne-Alghero_0003_colorful-dome-alghero-768x512.jpg 768w, https:\/\/www.nitidia.it\/wp-content\/uploads\/2021\/11\/00-Interne-Alghero_0003_colorful-dome-alghero-700x467.jpg 700w\" sizes=\"(max-width: 1450px) 100vw, 1450px\" \/>\t\t\t\t\t<\/a>\n\t\t\t<\/div>\n<\/div>\n<div class=\"qodef-e qodef-image-wrapper qodef-grid-item qodef-item--\">\n\t<div class=\"qodef-e-inner\">\n\t\t\t\t\t<a class=\"qodef-popup-item\" itemprop=\"image\" href=\"https:\/\/www.nitidia.it\/wp-content\/uploads\/2021\/11\/00-Interne-Alghero_0004_old-town-alghero.jpg\" data-type=\"image\" data-fslightbox=\"gallery-1\">\n\t\t\t\t\t<img decoding=\"async\" width=\"1450\" height=\"967\" src=\"https:\/\/www.nitidia.it\/wp-content\/uploads\/2021\/11\/00-Interne-Alghero_0004_old-town-alghero.jpg\" class=\"attachment- size-\" alt=\"\" srcset=\"https:\/\/www.nitidia.it\/wp-content\/uploads\/2021\/11\/00-Interne-Alghero_0004_old-town-alghero.jpg 1450w, https:\/\/www.nitidia.it\/wp-content\/uploads\/2021\/11\/00-Interne-Alghero_0004_old-town-alghero-300x200.jpg 300w, https:\/\/www.nitidia.it\/wp-content\/uploads\/2021\/11\/00-Interne-Alghero_0004_old-town-alghero-1024x683.jpg 1024w, https:\/\/www.nitidia.it\/wp-content\/uploads\/2021\/11\/00-Interne-Alghero_0004_old-town-alghero-768x512.jpg 768w, https:\/\/www.nitidia.it\/wp-content\/uploads\/2021\/11\/00-Interne-Alghero_0004_old-town-alghero-700x467.jpg 700w\" sizes=\"(max-width: 1450px) 100vw, 1450px\" \/>\t\t\t\t\t<\/a>\n\t\t\t<\/div>\n<\/div>\n<div class=\"qodef-e qodef-image-wrapper qodef-grid-item qodef-item--\">\n\t<div class=\"qodef-e-inner\">\n\t\t\t\t\t<a class=\"qodef-popup-item\" itemprop=\"image\" href=\"https:\/\/www.nitidia.it\/wp-content\/uploads\/2021\/11\/00-Interne-Alghero_0001_beautiful-view-way-alghero-italy.jpg\" data-type=\"image\" data-fslightbox=\"gallery-1\">\n\t\t\t\t\t<img loading=\"lazy\" decoding=\"async\" width=\"1450\" height=\"967\" src=\"https:\/\/www.nitidia.it\/wp-content\/uploads\/2021\/11\/00-Interne-Alghero_0001_beautiful-view-way-alghero-italy.jpg\" class=\"attachment- size-\" alt=\"\" srcset=\"https:\/\/www.nitidia.it\/wp-content\/uploads\/2021\/11\/00-Interne-Alghero_0001_beautiful-view-way-alghero-italy.jpg 1450w, https:\/\/www.nitidia.it\/wp-content\/uploads\/2021\/11\/00-Interne-Alghero_0001_beautiful-view-way-alghero-italy-300x200.jpg 300w, https:\/\/www.nitidia.it\/wp-content\/uploads\/2021\/11\/00-Interne-Alghero_0001_beautiful-view-way-alghero-italy-1024x683.jpg 1024w, https:\/\/www.nitidia.it\/wp-content\/uploads\/2021\/11\/00-Interne-Alghero_0001_beautiful-view-way-alghero-italy-768x512.jpg 768w, https:\/\/www.nitidia.it\/wp-content\/uploads\/2021\/11\/00-Interne-Alghero_0001_beautiful-view-way-alghero-italy-700x467.jpg 700w\" sizes=\"(max-width: 1450px) 100vw, 1450px\" \/>\t\t\t\t\t<\/a>\n\t\t\t<\/div>\n<\/div>\n<div class=\"qodef-e qodef-image-wrapper qodef-grid-item qodef-item--\">\n\t<div class=\"qodef-e-inner\">\n\t\t\t\t\t<a class=\"qodef-popup-item\" itemprop=\"image\" href=\"https:\/\/www.nitidia.it\/wp-content\/uploads\/2021\/11\/00-Interne-Alghero_0005_cityscape-alghero.jpg\" data-type=\"image\" data-fslightbox=\"gallery-1\">\n\t\t\t\t\t<img loading=\"lazy\" decoding=\"async\" width=\"1450\" height=\"967\" src=\"https:\/\/www.nitidia.it\/wp-content\/uploads\/2021\/11\/00-Interne-Alghero_0005_cityscape-alghero.jpg\" class=\"attachment- size-\" alt=\"\" srcset=\"https:\/\/www.nitidia.it\/wp-content\/uploads\/2021\/11\/00-Interne-Alghero_0005_cityscape-alghero.jpg 1450w, https:\/\/www.nitidia.it\/wp-content\/uploads\/2021\/11\/00-Interne-Alghero_0005_cityscape-alghero-300x200.jpg 300w, https:\/\/www.nitidia.it\/wp-content\/uploads\/2021\/11\/00-Interne-Alghero_0005_cityscape-alghero-1024x683.jpg 1024w, https:\/\/www.nitidia.it\/wp-content\/uploads\/2021\/11\/00-Interne-Alghero_0005_cityscape-alghero-768x512.jpg 768w, https:\/\/www.nitidia.it\/wp-content\/uploads\/2021\/11\/00-Interne-Alghero_0005_cityscape-alghero-700x467.jpg 700w\" sizes=\"(max-width: 1450px) 100vw, 1450px\" \/>\t\t\t\t\t<\/a>\n\t\t\t<\/div>\n<\/div>\n<div class=\"qodef-e qodef-image-wrapper qodef-grid-item qodef-item--\">\n\t<div class=\"qodef-e-inner\">\n\t\t\t\t\t<a class=\"qodef-popup-item\" itemprop=\"image\" href=\"https:\/\/www.nitidia.it\/wp-content\/uploads\/2021\/11\/00-Interne-Alghero_0006_street-old-town-alghero.jpg\" data-type=\"image\" data-fslightbox=\"gallery-1\">\n\t\t\t\t\t<img loading=\"lazy\" decoding=\"async\" width=\"1450\" height=\"967\" src=\"https:\/\/www.nitidia.it\/wp-content\/uploads\/2021\/11\/00-Interne-Alghero_0006_street-old-town-alghero.jpg\" class=\"attachment- size-\" alt=\"\" srcset=\"https:\/\/www.nitidia.it\/wp-content\/uploads\/2021\/11\/00-Interne-Alghero_0006_street-old-town-alghero.jpg 1450w, https:\/\/www.nitidia.it\/wp-content\/uploads\/2021\/11\/00-Interne-Alghero_0006_street-old-town-alghero-300x200.jpg 300w, https:\/\/www.nitidia.it\/wp-content\/uploads\/2021\/11\/00-Interne-Alghero_0006_street-old-town-alghero-1024x683.jpg 1024w, https:\/\/www.nitidia.it\/wp-content\/uploads\/2021\/11\/00-Interne-Alghero_0006_street-old-town-alghero-768x512.jpg 768w, https:\/\/www.nitidia.it\/wp-content\/uploads\/2021\/11\/00-Interne-Alghero_0006_street-old-town-alghero-700x467.jpg 700w\" sizes=\"(max-width: 1450px) 100vw, 1450px\" \/>\t\t\t\t\t<\/a>\n\t\t\t<\/div>\n<\/div>\n<div class=\"qodef-e qodef-image-wrapper qodef-grid-item qodef-item--\">\n\t<div class=\"qodef-e-inner\">\n\t\t\t\t\t<a class=\"qodef-popup-item\" itemprop=\"image\" href=\"https:\/\/www.nitidia.it\/wp-content\/uploads\/2021\/11\/00-Interne-Alghero_0007_beautiful-sunset-sea-with-yacht-water-romantic-landscape.jpg\" data-type=\"image\" data-fslightbox=\"gallery-1\">\n\t\t\t\t\t<img loading=\"lazy\" decoding=\"async\" width=\"1450\" height=\"967\" src=\"https:\/\/www.nitidia.it\/wp-content\/uploads\/2021\/11\/00-Interne-Alghero_0007_beautiful-sunset-sea-with-yacht-water-romantic-landscape.jpg\" class=\"attachment- size-\" alt=\"\" srcset=\"https:\/\/www.nitidia.it\/wp-content\/uploads\/2021\/11\/00-Interne-Alghero_0007_beautiful-sunset-sea-with-yacht-water-romantic-landscape.jpg 1450w, https:\/\/www.nitidia.it\/wp-content\/uploads\/2021\/11\/00-Interne-Alghero_0007_beautiful-sunset-sea-with-yacht-water-romantic-landscape-300x200.jpg 300w, https:\/\/www.nitidia.it\/wp-content\/uploads\/2021\/11\/00-Interne-Alghero_0007_beautiful-sunset-sea-with-yacht-water-romantic-landscape-1024x683.jpg 1024w, https:\/\/www.nitidia.it\/wp-content\/uploads\/2021\/11\/00-Interne-Alghero_0007_beautiful-sunset-sea-with-yacht-water-romantic-landscape-768x512.jpg 768w, https:\/\/www.nitidia.it\/wp-content\/uploads\/2021\/11\/00-Interne-Alghero_0007_beautiful-sunset-sea-with-yacht-water-romantic-landscape-700x467.jpg 700w\" sizes=\"(max-width: 1450px) 100vw, 1450px\" \/>\t\t\t\t\t<\/a>\n\t\t\t<\/div>\n<\/div>\n<div class=\"qodef-e qodef-image-wrapper qodef-grid-item qodef-item--\">\n\t<div class=\"qodef-e-inner\">\n\t\t\t\t\t<a class=\"qodef-popup-item\" itemprop=\"image\" href=\"https:\/\/www.nitidia.it\/wp-content\/uploads\/2021\/11\/00-Interne-Alghero_0002_island-foradada-sardinia.jpg\" data-type=\"image\" data-fslightbox=\"gallery-1\">\n\t\t\t\t\t<img loading=\"lazy\" decoding=\"async\" width=\"1450\" height=\"967\" src=\"https:\/\/www.nitidia.it\/wp-content\/uploads\/2021\/11\/00-Interne-Alghero_0002_island-foradada-sardinia.jpg\" class=\"attachment- size-\" alt=\"\" srcset=\"https:\/\/www.nitidia.it\/wp-content\/uploads\/2021\/11\/00-Interne-Alghero_0002_island-foradada-sardinia.jpg 1450w, https:\/\/www.nitidia.it\/wp-content\/uploads\/2021\/11\/00-Interne-Alghero_0002_island-foradada-sardinia-300x200.jpg 300w, https:\/\/www.nitidia.it\/wp-content\/uploads\/2021\/11\/00-Interne-Alghero_0002_island-foradada-sardinia-1024x683.jpg 1024w, https:\/\/www.nitidia.it\/wp-content\/uploads\/2021\/11\/00-Interne-Alghero_0002_island-foradada-sardinia-768x512.jpg 768w, https:\/\/www.nitidia.it\/wp-content\/uploads\/2021\/11\/00-Interne-Alghero_0002_island-foradada-sardinia-700x467.jpg 700w\" sizes=\"(max-width: 1450px) 100vw, 1450px\" \/>\t\t\t\t\t<\/a>\n\t\t\t<\/div>\n<\/div>\n<div class=\"qodef-e qodef-image-wrapper qodef-grid-item qodef-item--\">\n\t<div class=\"qodef-e-inner\">\n\t\t\t\t\t<a class=\"qodef-popup-item\" itemprop=\"image\" href=\"https:\/\/www.nitidia.it\/wp-content\/uploads\/2021\/11\/00-Interne-Alghero_0000_gulf-porto-conte.jpg\" data-type=\"image\" data-fslightbox=\"gallery-1\">\n\t\t\t\t\t<img loading=\"lazy\" decoding=\"async\" width=\"1450\" height=\"967\" src=\"https:\/\/www.nitidia.it\/wp-content\/uploads\/2021\/11\/00-Interne-Alghero_0000_gulf-porto-conte.jpg\" class=\"attachment- size-\" alt=\"\" srcset=\"https:\/\/www.nitidia.it\/wp-content\/uploads\/2021\/11\/00-Interne-Alghero_0000_gulf-porto-conte.jpg 1450w, https:\/\/www.nitidia.it\/wp-content\/uploads\/2021\/11\/00-Interne-Alghero_0000_gulf-porto-conte-300x200.jpg 300w, https:\/\/www.nitidia.it\/wp-content\/uploads\/2021\/11\/00-Interne-Alghero_0000_gulf-porto-conte-1024x683.jpg 1024w, https:\/\/www.nitidia.it\/wp-content\/uploads\/2021\/11\/00-Interne-Alghero_0000_gulf-porto-conte-768x512.jpg 768w, https:\/\/www.nitidia.it\/wp-content\/uploads\/2021\/11\/00-Interne-Alghero_0000_gulf-porto-conte-700x467.jpg 700w\" sizes=\"(max-width: 1450px) 100vw, 1450px\" \/>\t\t\t\t\t<\/a>\n\t\t\t<\/div>\n<\/div>\n\t<\/div>\n<\/div>\n\t\t\t\t<\/div>\n\t\t\t\t<\/div>\n\t\t\t\t\t<\/div>\n\t\t<\/div>\n\t\t\t\t\t<\/div>\n\t\t<\/section>\n\t\t\t\t<\/div>\n\t\t","protected":false},"excerpt":{"rendered":"<p>NIT I DIA alghero RIVIERA DEL CORALLO Alghero ist eine Perle des Mittelmeeres, das goldene Tor des antiken Sardinien oder aber auch das kleine Barcelona wie es von unseren spanischen Br\u00fcdern gerne genannt wird. \u00a0 Das Meer und die traumhaften Str\u00e4nde bilden den Rahmen f\u00fcr&#8230;<\/p>\n","protected":false},"author":1,"featured_media":0,"parent":0,"menu_order":0,"comment_status":"closed","ping_status":"closed","template":"full_width.php","meta":{"footnotes":""},"class_list":["post-867","page","type-page","status-publish","hentry"],"yoast_head":"<!-- This site is optimized with the Yoast SEO plugin v26.4 - https:\/\/yoast.com\/wordpress\/plugins\/seo\/ -->\n<title>Alghero - NIT I DIA<\/title>\n<meta name=\"robots\" content=\"index, follow, max-snippet:-1, max-image-preview:large, max-video-preview:-1\" \/>\n<link rel=\"canonical\" href=\"https:\/\/www.nitidia.it\/de\/alghero\/\" \/>\n<meta property=\"og:locale\" content=\"de_DE\" \/>\n<meta property=\"og:type\" content=\"article\" \/>\n<meta property=\"og:title\" content=\"Alghero - NIT I DIA\" \/>\n<meta property=\"og:description\" content=\"NIT I DIA alghero RIVIERA DEL CORALLO Alghero ist eine Perle des Mittelmeeres, das goldene Tor des antiken Sardinien oder aber auch das kleine Barcelona wie es von unseren spanischen Br\u00fcdern gerne genannt wird. \u00a0 Das Meer und die traumhaften Str\u00e4nde bilden den Rahmen f\u00fcr...\" \/>\n<meta property=\"og:url\" content=\"https:\/\/www.nitidia.it\/de\/alghero\/\" \/>\n<meta property=\"og:site_name\" content=\"NIT I DIA\" \/>\n<meta property=\"article:modified_time\" content=\"2021-11-30T16:29:34+00:00\" \/>\n<meta property=\"og:image\" content=\"https:\/\/www.nitidia.it\/wp-content\/uploads\/2021\/11\/00-Interne-Alghero_0008_walking-sunset-historic-ramparts-one-main-sightseeing-alghero-famous-center-holiday-resort-nor.jpg\" \/>\n<meta name=\"twitter:card\" content=\"summary_large_image\" \/>\n<meta name=\"twitter:label1\" content=\"Gesch\u00e4tzte Lesezeit\" \/>\n\t<meta name=\"twitter:data1\" content=\"3\u00a0Minuten\" \/>\n<script type=\"application\/ld+json\" class=\"yoast-schema-graph\">{\"@context\":\"https:\/\/schema.org\",\"@graph\":[{\"@type\":\"WebPage\",\"@id\":\"https:\/\/www.nitidia.it\/de\/alghero\/\",\"url\":\"https:\/\/www.nitidia.it\/de\/alghero\/\",\"name\":\"Alghero - NIT I DIA\",\"isPartOf\":{\"@id\":\"https:\/\/www.nitidia.it\/#website\"},\"primaryImageOfPage\":{\"@id\":\"https:\/\/www.nitidia.it\/de\/alghero\/#primaryimage\"},\"image\":{\"@id\":\"https:\/\/www.nitidia.it\/de\/alghero\/#primaryimage\"},\"thumbnailUrl\":\"https:\/\/www.nitidia.it\/wp-content\/uploads\/2021\/11\/00-Interne-Alghero_0008_walking-sunset-historic-ramparts-one-main-sightseeing-alghero-famous-center-holiday-resort-nor.jpg\",\"datePublished\":\"2021-11-29T17:32:49+00:00\",\"dateModified\":\"2021-11-30T16:29:34+00:00\",\"breadcrumb\":{\"@id\":\"https:\/\/www.nitidia.it\/de\/alghero\/#breadcrumb\"},\"inLanguage\":\"de\",\"potentialAction\":[{\"@type\":\"ReadAction\",\"target\":[\"https:\/\/www.nitidia.it\/de\/alghero\/\"]}]},{\"@type\":\"ImageObject\",\"inLanguage\":\"de\",\"@id\":\"https:\/\/www.nitidia.it\/de\/alghero\/#primaryimage\",\"url\":\"https:\/\/www.nitidia.it\/wp-content\/uploads\/2021\/11\/00-Interne-Alghero_0008_walking-sunset-historic-ramparts-one-main-sightseeing-alghero-famous-center-holiday-resort-nor.jpg\",\"contentUrl\":\"https:\/\/www.nitidia.it\/wp-content\/uploads\/2021\/11\/00-Interne-Alghero_0008_walking-sunset-historic-ramparts-one-main-sightseeing-alghero-famous-center-holiday-resort-nor.jpg\"},{\"@type\":\"BreadcrumbList\",\"@id\":\"https:\/\/www.nitidia.it\/de\/alghero\/#breadcrumb\",\"itemListElement\":[{\"@type\":\"ListItem\",\"position\":1,\"name\":\"Home\",\"item\":\"https:\/\/www.nitidia.it\/de\/\"},{\"@type\":\"ListItem\",\"position\":2,\"name\":\"Alghero\"}]},{\"@type\":\"WebSite\",\"@id\":\"https:\/\/www.nitidia.it\/#website\",\"url\":\"https:\/\/www.nitidia.it\/\",\"name\":\"NIT I DIA\",\"description\":\" Holiday House | Alghero, Sardegna\",\"potentialAction\":[{\"@type\":\"SearchAction\",\"target\":{\"@type\":\"EntryPoint\",\"urlTemplate\":\"https:\/\/www.nitidia.it\/?s={search_term_string}\"},\"query-input\":{\"@type\":\"PropertyValueSpecification\",\"valueRequired\":true,\"valueName\":\"search_term_string\"}}],\"inLanguage\":\"de\"}]}<\/script>\n<!-- \/ Yoast SEO plugin. -->","yoast_head_json":{"title":"Alghero - NIT I DIA","robots":{"index":"index","follow":"follow","max-snippet":"max-snippet:-1","max-image-preview":"max-image-preview:large","max-video-preview":"max-video-preview:-1"},"canonical":"https:\/\/www.nitidia.it\/de\/alghero\/","og_locale":"de_DE","og_type":"article","og_title":"Alghero - NIT I DIA","og_description":"NIT I DIA alghero RIVIERA DEL CORALLO Alghero ist eine Perle des Mittelmeeres, das goldene Tor des antiken Sardinien oder aber auch das kleine Barcelona wie es von unseren spanischen Br\u00fcdern gerne genannt wird. \u00a0 Das Meer und die traumhaften Str\u00e4nde bilden den Rahmen f\u00fcr...","og_url":"https:\/\/www.nitidia.it\/de\/alghero\/","og_site_name":"NIT I DIA","article_modified_time":"2021-11-30T16:29:34+00:00","og_image":[{"url":"https:\/\/www.nitidia.it\/wp-content\/uploads\/2021\/11\/00-Interne-Alghero_0008_walking-sunset-historic-ramparts-one-main-sightseeing-alghero-famous-center-holiday-resort-nor.jpg","type":"","width":"","height":""}],"twitter_card":"summary_large_image","twitter_misc":{"Gesch\u00e4tzte Lesezeit":"3\u00a0Minuten"},"schema":{"@context":"https:\/\/schema.org","@graph":[{"@type":"WebPage","@id":"https:\/\/www.nitidia.it\/de\/alghero\/","url":"https:\/\/www.nitidia.it\/de\/alghero\/","name":"Alghero - NIT I DIA","isPartOf":{"@id":"https:\/\/www.nitidia.it\/#website"},"primaryImageOfPage":{"@id":"https:\/\/www.nitidia.it\/de\/alghero\/#primaryimage"},"image":{"@id":"https:\/\/www.nitidia.it\/de\/alghero\/#primaryimage"},"thumbnailUrl":"https:\/\/www.nitidia.it\/wp-content\/uploads\/2021\/11\/00-Interne-Alghero_0008_walking-sunset-historic-ramparts-one-main-sightseeing-alghero-famous-center-holiday-resort-nor.jpg","datePublished":"2021-11-29T17:32:49+00:00","dateModified":"2021-11-30T16:29:34+00:00","breadcrumb":{"@id":"https:\/\/www.nitidia.it\/de\/alghero\/#breadcrumb"},"inLanguage":"de","potentialAction":[{"@type":"ReadAction","target":["https:\/\/www.nitidia.it\/de\/alghero\/"]}]},{"@type":"ImageObject","inLanguage":"de","@id":"https:\/\/www.nitidia.it\/de\/alghero\/#primaryimage","url":"https:\/\/www.nitidia.it\/wp-content\/uploads\/2021\/11\/00-Interne-Alghero_0008_walking-sunset-historic-ramparts-one-main-sightseeing-alghero-famous-center-holiday-resort-nor.jpg","contentUrl":"https:\/\/www.nitidia.it\/wp-content\/uploads\/2021\/11\/00-Interne-Alghero_0008_walking-sunset-historic-ramparts-one-main-sightseeing-alghero-famous-center-holiday-resort-nor.jpg"},{"@type":"BreadcrumbList","@id":"https:\/\/www.nitidia.it\/de\/alghero\/#breadcrumb","itemListElement":[{"@type":"ListItem","position":1,"name":"Home","item":"https:\/\/www.nitidia.it\/de\/"},{"@type":"ListItem","position":2,"name":"Alghero"}]},{"@type":"WebSite","@id":"https:\/\/www.nitidia.it\/#website","url":"https:\/\/www.nitidia.it\/","name":"NIT I DIA","description":" Holiday House | Alghero, Sardegna","potentialAction":[{"@type":"SearchAction","target":{"@type":"EntryPoint","urlTemplate":"https:\/\/www.nitidia.it\/?s={search_term_string}"},"query-input":{"@type":"PropertyValueSpecification","valueRequired":true,"valueName":"search_term_string"}}],"inLanguage":"de"}]}},"_links":{"self":[{"href":"https:\/\/www.nitidia.it\/de\/wp-json\/wp\/v2\/pages\/867","targetHints":{"allow":["GET"]}}],"collection":[{"href":"https:\/\/www.nitidia.it\/de\/wp-json\/wp\/v2\/pages"}],"about":[{"href":"https:\/\/www.nitidia.it\/de\/wp-json\/wp\/v2\/types\/page"}],"author":[{"embeddable":true,"href":"https:\/\/www.nitidia.it\/de\/wp-json\/wp\/v2\/users\/1"}],"replies":[{"embeddable":true,"href":"https:\/\/www.nitidia.it\/de\/wp-json\/wp\/v2\/comments?post=867"}],"version-history":[{"count":3,"href":"https:\/\/www.nitidia.it\/de\/wp-json\/wp\/v2\/pages\/867\/revisions"}],"predecessor-version":[{"id":879,"href":"https:\/\/www.nitidia.it\/de\/wp-json\/wp\/v2\/pages\/867\/revisions\/879"}],"wp:attachment":[{"href":"https:\/\/www.nitidia.it\/de\/wp-json\/wp\/v2\/media?parent=867"}],"curies":[{"name":"wp","href":"https:\/\/api.w.org\/{rel}","templated":true}]}}